{"id":1246,"date":"2024-10-27T19:27:47","date_gmt":"2024-10-27T19:27:47","guid":{"rendered":"https:\/\/www.ajeto.de\/?page_id=1246"},"modified":"2024-10-27T19:28:24","modified_gmt":"2024-10-27T19:28:24","slug":"agb","status":"publish","type":"page","link":"https:\/\/www.nelisdrums.de\/en\/agb\/","title":{"rendered":"GTC"},"content":{"rendered":"<div data-elementor-type=\"wp-page\" data-elementor-id=\"1246\" class=\"elementor elementor-1246\" data-elementor-post-type=\"page\">\n\t\t\t\t<div class=\"elementor-element elementor-element-2a5ad39e e-flex e-con-boxed e-con e-parent\" data-id=\"2a5ad39e\" data-element_type=\"container\" data-e-type=\"container\">\n\t\t\t\t\t<div class=\"e-con-inner\">\n\t\t\t\t<div class=\"elementor-element elementor-element-60d4af86 elementor-widget elementor-widget-text-editor\" data-id=\"60d4af86\" data-element_type=\"widget\" data-e-type=\"widget\" data-widget_type=\"text-editor.default\">\n\t\t\t\t<div class=\"elementor-widget-container\">\n\t\t\t\t\t\t\t\t\t\n<h2 class=\"wp-block-heading\">Ich habe lieber der AKB (Amsterdam Klezmer Band)&#8230;. haben mehr zu sagen als dieser trockene text hier.<\/h2>\n\n\n\n<p><strong>General Terms and Conditions<\/strong><\/p>\n\n\n\n<p>On the basis of these General Terms and Conditions (GTC), a contract is concluded between the customer and\u00a0<br>Niels Vaillant F\u00f6rsterei 1, 17237, Brustorf Tel. 015158797385, mail@nelisdrums.de<\/p>\n\n\n\n<p>hereinafter referred to as the provider, the contract is concluded.<\/p>\n\n\n\n<p><strong>Subject matter of the contract<\/strong><br>This contract regulates the sale of new goods in the field of art, handicrafts and instruments. For details of the respective offer, please refer to the product description on the offer page. Any decorative items in the exhibited pictures and photos are not part of the contract, unless this is expressly mentioned in the description.<\/p>\n\n\n\n<p><strong>Conclusion of contract<\/strong><\/p>\n\n\n\n<p>The contract is concluded individually. The offers presented represent a non-binding invitation to submit an offer through the customer order, which the provider can then accept. The order process for the conclusion of the contract comprises the following steps:<\/p>\n\n\n\n<p>1 Written notification of the customer's interest in purchasing under the conditions stated in the offer via email or messenger.<\/p>\n\n\n\n<p>The contract is concluded when the order confirmation is sent.<\/p>\n\n\n\n<p><strong>Contract duration<\/strong><br>The contract is concluded for an indefinite period.<br>The delivered goods remain the property of the supplier until full payment has been received.<\/p>\n\n\n\n<p><strong>Prices, shipping costs, return costs<\/strong><br>Alle Preise sind Endpreise und enthalten gem. \u00a7 19 Abs. 1 UStG keine Umsatzsteuer. Die Versandkosten werden L\u00e4nderspezifisch erhoben und sind auf der Rechnung extra ausgewiesen. Es besteht ein Widerrufsrecht und wird von diesem Gebrauch gemacht, tr\u00e4gt der Kunde die Kosten der R\u00fccksendung. F\u00fcr Deutschland betragen die Versandkosten 7,49 \u20ac, f\u00fcr alle EU-L\u00e4nder 17,99 \u20ac, f\u00fcr die Schweiz 29,99 \u20ac (Stand 06\/2021).<\/p>\n\n\n\n<p><strong>Terms of payment<\/strong><br>The customer only has the following options for payment: advance bank transfer, cash on collection, Paypal. Other payment methods are not offered and will be rejected. The invoice amount is to be transferred in advance to the account specified on the invoice, which contains all details for the bank transfer and is sent by e-mail. The invoice amount can also be paid in cash at the provider's address during normal office hours after deduction of the shipping costs. The customer is obliged to pay or transfer the stated amount to the account specified on the invoice within seven days of receipt of the invoice. Payment is due without deduction from the invoice date. If the invoice amount is not credited to the account within 7 days, the contract shall lapse and the goods shall be offered for sale again. Any right of retention on the part of the customer which is not based on the same contractual relationship is excluded.<\/p>\n\n\n\n<p><strong>Terms of delivery<\/strong><br>The goods are dispatched immediately after receipt of the invoice amount. On average, dispatch takes place no later than one day after receipt of the invoice amount. The standard delivery time is 4 days, unless otherwise stated in the item description. The supplier shall dispatch the order from its own warehouse. If the provider has a permanent obstacle to delivery, in particular force majeure or non-delivery by its own suppliers, although a corresponding covering transaction was made in good time, the provider has the right to withdraw from a contract with the customer in this respect. The customer shall be informed immediately and any services received, in particular payments, shall be refunded.<br>Contract designThe customer has no possibility to directly access the stored contract text. The customer can correct input errors during the ordering process. He can do this in the following way: written notification via email.<\/p>\n\n\n\n<p><strong>Right of cancellation<br>Cancellation policy<\/strong><\/p>\n\n\n\n<p>Right of cancellation<\/p>\n\n\n\n<p>You have the right to cancel this contract within fourteen days without giving any reason.<br>Dieses Recht besteht nur f\u00fcr Bestellungen innerhalb der EU. Au\u00dferhalb der EU ist es dem Anbieter vorbehalten den Vertrag zu widerrufen.<\/p>\n\n\n\n<p>The cancellation period is fourteen days from the date,\u00a0<br>* In the case of a contract of sale: on which you or a third party named by you, who is not the carrier, have taken possession of the last goods *In the case of a contract for several goods that the buyer has ordered as part of a single order and which are delivered separately: on which you or a third party named by you, who is not the carrier, have taken possession of the last goods.In the case of a contract for the delivery of goods in several partial consignments or pieces: on which you or a third party named by you, who is not the carrier, have taken possession of the last partial consignment or the last piece.* In the case of a contract for the regular delivery of goods over a fixed period of time: on which you or a third party named by you, who is not the carrier, have taken possession of the first goods.* If several alternatives coincide, the last point in time is decisive.<br>Um Ihr Widerrufsrecht auszu\u00fcben, m\u00fcssen Sie Niels Vaillant F\u00f6rsterei 1, 17237, Brustorf Tel. 015158797385, mail@nelisdrums.de mittels einer eindeutigen Erkl\u00e4rung (z.B. ein mit der Post versandter Brief, Telefax, oder E-Mail) \u00fcber Ihren Entschluss, diesen Vertrag zu widerrufen, informieren.\u00a0<br>To meet the cancellation deadline, it is sufficient for you to send your notification of exercising your right of cancellation before the cancellation period expires.<\/p>\n\n\n\n<p><strong>Consequences of cancellation<\/strong><br>If you withdraw from this contract, we shall reimburse to you all payments received from you, including the costs of delivery (with the exception of the supplementary costs resulting from your choice of a type of delivery other than the least expensive type of standard delivery offered by us), without undue delay and in any event not later than 14 days from the day on which we are informed about your decision to withdraw from this contract. For this repayment, we will use the same means of payment that you used for the original transaction, unless expressly agreed otherwise with you; under no circumstances will you be charged any fees for this repayment. We may withhold the refund until we have received the goods back or until you have provided proof that you have returned the goods, whichever is the earliest.<\/p>\n\n\n\n<p>Sie haben die Waren unverz\u00fcglich und in jedem Fall sp\u00e4testens binnen vierzehn Tagen ab dem Tag, an dem Sie uns \u00fcber den Widerruf dieses Vertrags unterrichten, an Niels Vaillant F\u00f6rsterei 1, 17237, Brustorf Tel. 015158797385, mail@nelisdrums.de zur\u00fcckzusenden oder zu \u00fcbergeben. Die Frist ist gewahrt, wenn Sie die Waren vor Ablauf der Frist von vierzehn Tagen absenden.<\/p>\n\n\n\n<p>You bear the direct costs of returning the goods.<\/p>\n\n\n\n<p>You only have to pay for any loss in value of the goods if this loss in value is due to handling of the goods that is not necessary for checking their condition, properties and functionality.<\/p>\n\n\n\n<p>End of the cancellation policy<\/p>\n\n\n\n<p><strong>Prohibition of assignment and pledging<\/strong><br>Claims or rights of the customer against the provider may not be assigned or pledged without the provider's consent, unless the customer has proven a justified interest in the assignment or pledge.<\/p>\n\n\n\n<p><strong>Language, place of jurisdiction and applicable law<\/strong><br>The contract shall be drawn up in German. The further implementation of the contractual relationship shall be in German. The law of the Federal Republic of Germany shall apply exclusively. For consumers, this only applies insofar as no statutory provisions of the country in which the customer has his domicile or habitual residence are restricted. The place of jurisdiction is D\u00fcsseldorf.<\/p>\n\n\n\n<p><\/p>\n\t\t\t\t\t\t\t\t<\/div>\n\t\t\t\t<\/div>\n\t\t\t\t\t<\/div>\n\t\t\t\t<\/div>\n\t\t\t\t<\/div>","protected":false},"excerpt":{"rendered":"<p>Ich habe lieber der AKB (Amsterdam Klezmer Band)&#8230;. haben mehr zu sagen als dieser trockene text hier. Allgemeine Gesch\u00e4ftsbedingungen Auf Grundlage dieser Allgemeinen Gesch\u00e4ftsbedingungen (AGB) kommt zwischen dem Kunden und\u00a0Niels Vaillant F\u00f6rsterei 1, 17237, Brustorf Tel. 015158797385, mail@nelisdrums.de nachfolgend Anbieter genannt, der Vertrag zustande. VertragsgegenstandDurch diesen Vertrag wird der Verkauf von neuen Waren aus dem [&hellip;]<\/p>\n","protected":false},"author":1,"featured_media":0,"parent":0,"menu_order":0,"comment_status":"closed","ping_status":"closed","template":"","meta":{"footnotes":""},"class_list":["post-1246","page","type-page","status-publish","hentry"],"_links":{"self":[{"href":"https:\/\/www.nelisdrums.de\/en\/wp-json\/wp\/v2\/pages\/1246","targetHints":{"allow":["GET"]}}],"collection":[{"href":"https:\/\/www.nelisdrums.de\/en\/wp-json\/wp\/v2\/pages"}],"about":[{"href":"https:\/\/www.nelisdrums.de\/en\/wp-json\/wp\/v2\/types\/page"}],"author":[{"embeddable":true,"href":"https:\/\/www.nelisdrums.de\/en\/wp-json\/wp\/v2\/users\/1"}],"replies":[{"embeddable":true,"href":"https:\/\/www.nelisdrums.de\/en\/wp-json\/wp\/v2\/comments?post=1246"}],"version-history":[{"count":3,"href":"https:\/\/www.nelisdrums.de\/en\/wp-json\/wp\/v2\/pages\/1246\/revisions"}],"predecessor-version":[{"id":1249,"href":"https:\/\/www.nelisdrums.de\/en\/wp-json\/wp\/v2\/pages\/1246\/revisions\/1249"}],"wp:attachment":[{"href":"https:\/\/www.nelisdrums.de\/en\/wp-json\/wp\/v2\/media?parent=1246"}],"curies":[{"name":"wp","href":"https:\/\/api.w.org\/{rel}","templated":true}]}}