{"id":4316,"date":"2024-12-20T11:00:11","date_gmt":"2024-12-20T10:00:11","guid":{"rendered":"https:\/\/www.nelisdrums.de\/?post_type=product&#038;p=4316"},"modified":"2026-03-02T06:12:16","modified_gmt":"2026-03-02T05:12:16","slug":"floetentasche","status":"publish","type":"product","link":"https:\/\/www.nelisdrums.de\/en\/floetentasche\/","title":{"rendered":"Flute bag"},"content":{"rendered":"<p>Do you want a fitting bag for the flute you are buying now?<br \/>\nJust ad a bag to your cart I will ad a fitting bag for your flute.<\/p>\n<p>Do you already have a flute I made. Tell me wich one. And I will send you a fitting bag.<\/p>\n<p>For other flutes? Well, my bags are tailored for my flutes.Watch my sewing tutorial on YouTube and make one yourself.<\/p>","protected":false},"excerpt":{"rendered":"<p>Willst du ein passende Tasche zu der Fl\u00f6te die du jetzt bei mir kaufst? Kauf eine Tasche ich schicke die passende Gr\u00f6\u00dfe mit. Hast du schon eine Fl\u00f6te von mich und du willst jetzt doch noch ein Tasche dazu? Schreib mir dann kurz welche Fl\u00f6te du gekauft hast, F\u00fcr andere Fl\u00f6ten, tja meine Taschen sind [&hellip;]<\/p>\n","protected":false},"featured_media":6550,"comment_status":"closed","ping_status":"closed","template":"","meta":[],"product_brand":[],"product_cat":[17],"product_tag":[],"class_list":{"0":"post-4316","1":"product","2":"type-product","3":"status-publish","4":"has-post-thumbnail","6":"product_cat-kompakte_instrumenten","7":"product_shipping_class-kleingoed","8":"pa_fell-damhirsch","10":"first","11":"instock","12":"purchasable","13":"product-type-simple"},"_links":{"self":[{"href":"https:\/\/www.nelisdrums.de\/en\/wp-json\/wp\/v2\/product\/4316","targetHints":{"allow":["GET"]}}],"collection":[{"href":"https:\/\/www.nelisdrums.de\/en\/wp-json\/wp\/v2\/product"}],"about":[{"href":"https:\/\/www.nelisdrums.de\/en\/wp-json\/wp\/v2\/types\/product"}],"replies":[{"embeddable":true,"href":"https:\/\/www.nelisdrums.de\/en\/wp-json\/wp\/v2\/comments?post=4316"}],"version-history":[{"count":3,"href":"https:\/\/www.nelisdrums.de\/en\/wp-json\/wp\/v2\/product\/4316\/revisions"}],"predecessor-version":[{"id":4872,"href":"https:\/\/www.nelisdrums.de\/en\/wp-json\/wp\/v2\/product\/4316\/revisions\/4872"}],"wp:featuredmedia":[{"embeddable":true,"href":"https:\/\/www.nelisdrums.de\/en\/wp-json\/wp\/v2\/media\/6550"}],"wp:attachment":[{"href":"https:\/\/www.nelisdrums.de\/en\/wp-json\/wp\/v2\/media?parent=4316"}],"wp:term":[{"taxonomy":"product_brand","embeddable":true,"href":"https:\/\/www.nelisdrums.de\/en\/wp-json\/wp\/v2\/product_brand?post=4316"},{"taxonomy":"product_cat","embeddable":true,"href":"https:\/\/www.nelisdrums.de\/en\/wp-json\/wp\/v2\/product_cat?post=4316"},{"taxonomy":"product_tag","embeddable":true,"href":"https:\/\/www.nelisdrums.de\/en\/wp-json\/wp\/v2\/product_tag?post=4316"}],"curies":[{"name":"wp","href":"https:\/\/api.w.org\/{rel}","templated":true}]}}