{"id":1137,"date":"2024-08-24T08:30:49","date_gmt":"2024-08-24T08:30:49","guid":{"rendered":"https:\/\/www.ajeto.de\/?page_id=1137"},"modified":"2026-03-29T11:31:06","modified_gmt":"2026-03-29T10:31:06","slug":"home","status":"publish","type":"page","link":"https:\/\/www.nelisdrums.de\/nl\/","title":{"rendered":"Home"},"content":{"rendered":"<div data-elementor-type=\"wp-page\" data-elementor-id=\"1137\" class=\"elementor elementor-1137\" data-elementor-post-type=\"page\">\n\t\t\t\t<div class=\"elementor-element elementor-element-4072ba2 e-grid e-con-boxed e-con e-parent\" data-id=\"4072ba2\" data-element_type=\"container\" data-e-type=\"container\">\n\t\t\t\t\t<div class=\"e-con-inner\">\n\t\t\t\t<div class=\"elementor-element elementor-element-f81d35a elementor-widget elementor-widget-text-editor\" data-id=\"f81d35a\" data-element_type=\"widget\" data-e-type=\"widget\" data-widget_type=\"text-editor.default\">\n\t\t\t\t<div class=\"elementor-widget-container\">\n\t\t\t\t\t\t\t\t\t<div class=\"elementor-element elementor-element-c67a1cc elementor-widget elementor-widget-theme-post-content\" data-id=\"c67a1cc\" data-element_type=\"widget\" data-widget_type=\"theme-post-content.default\"><div class=\"elementor-widget-container\"><div class=\"elementor elementor-1137\" data-elementor-type=\"wp-page\" data-elementor-id=\"1137\" data-elementor-post-type=\"page\"><div class=\"elementor-element elementor-element-5fada1b e-flex e-con-boxed e-con e-parent e-lazyloaded\" data-id=\"5fada1b\" data-element_type=\"container\"><div class=\"e-con-inner\"><div class=\"elementor-element elementor-element-961ea38 elementor-widget elementor-widget-text-editor\" data-id=\"961ea38\" data-element_type=\"widget\" data-widget_type=\"text-editor.default\"><div class=\"elementor-widget-container\"><h2>Sjamanen Drums, Indianenfluiten en meer...<\/h2><p>Ik ben begonnen met trommels maar nu maak ik allerlei prachtige muziekinstrumenten in mijn werkplaats.<\/p><p>En hier is de plek waar je ze kunt zien en de meeste kunt horen om ze te voelen moet je langskomen, of ze kopen van natuurlijk.... en dat kan hier ook \ud83d\ude42<\/p><p>Mogen mijn instrumenten de wereld verrijken in de handen van vriendelijke mensen.<\/p><\/div><\/div><\/div><\/div><\/div><\/div><\/div>\t\t\t\t\t\t\t\t<\/div>\n\t\t\t\t<\/div>\n\t\t\t\t<div class=\"elementor-element elementor-element-ecd813e elementor-widget elementor-widget-image\" data-id=\"ecd813e\" data-element_type=\"widget\" data-e-type=\"widget\" data-widget_type=\"image.default\">\n\t\t\t\t<div class=\"elementor-widget-container\">\n\t\t\t\t\t\t\t\t\t\t\t\t\t\t\t<img fetchpriority=\"high\" decoding=\"async\" width=\"800\" height=\"534\" src=\"https:\/\/www.nelisdrums.de\/wp-content\/uploads\/2025\/12\/fl2933-1024x683.webp\" class=\"attachment-large size-large wp-image-7111\" alt=\"Indianerfl\u00f6te A4 432hz Buche\" srcset=\"https:\/\/www.nelisdrums.de\/wp-content\/uploads\/2025\/12\/fl2933-1024x683.webp 1024w, https:\/\/www.nelisdrums.de\/wp-content\/uploads\/2025\/12\/fl2933-300x200.webp 300w, https:\/\/www.nelisdrums.de\/wp-content\/uploads\/2025\/12\/fl2933-768x512.webp 768w, https:\/\/www.nelisdrums.de\/wp-content\/uploads\/2025\/12\/fl2933-1536x1024.webp 1536w, https:\/\/www.nelisdrums.de\/wp-content\/uploads\/2025\/12\/fl2933-2048x1365.webp 2048w, https:\/\/www.nelisdrums.de\/wp-content\/uploads\/2025\/12\/fl2933-18x12.webp 18w, https:\/\/www.nelisdrums.de\/wp-content\/uploads\/2025\/12\/fl2933-600x400.webp 600w\" sizes=\"(max-width: 800px) 100vw, 800px\">\t\t\t\t\t\t\t\t\t\t\t\t\t\t\t<\/div>\n\t\t\t\t<\/div>\n\t\t\t\t\t<\/div>\n\t\t\t\t<\/div>\n\t\t<div class=\"elementor-element elementor-element-46d83df e-flex e-con-boxed e-con e-parent\" data-id=\"46d83df\" data-element_type=\"container\" data-e-type=\"container\">\n\t\t\t\t\t<div class=\"e-con-inner\">\n\t\t\t\t\t<\/div>\n\t\t\t\t<\/div>\n\t\t\t\t<\/div>","protected":false},"excerpt":{"rendered":"<p>Schamanentrommel, Indianerfl\u00f6ten und mehr&#8230; Ich habe angefangen mit Trommeln aber in mein Werkstatt entstehen jetzt allerhande sch\u00f6ne Musikinstrumenten. Und hier ist der Ort wo man Sie Sehen und die meiste auch H\u00f6ren kannst um Sie zu f\u00fchlen musst du dann doch vorbeikommen, oder kaufen nat\u00fcrlich\u2026. und das geht hier auch \ud83d\ude42 M\u00f6ge meine Instrumente in [&hellip;]<\/p>\n","protected":false},"author":1,"featured_media":3240,"parent":0,"menu_order":0,"comment_status":"closed","ping_status":"closed","template":"","meta":{"footnotes":""},"class_list":["post-1137","page","type-page","status-publish","has-post-thumbnail","hentry"],"_links":{"self":[{"href":"https:\/\/www.nelisdrums.de\/nl\/wp-json\/wp\/v2\/pages\/1137","targetHints":{"allow":["GET"]}}],"collection":[{"href":"https:\/\/www.nelisdrums.de\/nl\/wp-json\/wp\/v2\/pages"}],"about":[{"href":"https:\/\/www.nelisdrums.de\/nl\/wp-json\/wp\/v2\/types\/page"}],"author":[{"embeddable":true,"href":"https:\/\/www.nelisdrums.de\/nl\/wp-json\/wp\/v2\/users\/1"}],"replies":[{"embeddable":true,"href":"https:\/\/www.nelisdrums.de\/nl\/wp-json\/wp\/v2\/comments?post=1137"}],"version-history":[{"count":39,"href":"https:\/\/www.nelisdrums.de\/nl\/wp-json\/wp\/v2\/pages\/1137\/revisions"}],"predecessor-version":[{"id":7309,"href":"https:\/\/www.nelisdrums.de\/nl\/wp-json\/wp\/v2\/pages\/1137\/revisions\/7309"}],"wp:featuredmedia":[{"embeddable":true,"href":"https:\/\/www.nelisdrums.de\/nl\/wp-json\/wp\/v2\/media\/3240"}],"wp:attachment":[{"href":"https:\/\/www.nelisdrums.de\/nl\/wp-json\/wp\/v2\/media?parent=1137"}],"curies":[{"name":"wp","href":"https:\/\/api.w.org\/{rel}","templated":true}]}}