{"id":1246,"date":"2024-10-27T19:27:47","date_gmt":"2024-10-27T19:27:47","guid":{"rendered":"https:\/\/www.ajeto.de\/?page_id=1246"},"modified":"2024-10-27T19:28:24","modified_gmt":"2024-10-27T19:28:24","slug":"agb","status":"publish","type":"page","link":"https:\/\/www.nelisdrums.de\/nl\/agb\/","title":{"rendered":"GTC"},"content":{"rendered":"<div data-elementor-type=\"wp-page\" data-elementor-id=\"1246\" class=\"elementor elementor-1246\" data-elementor-post-type=\"page\">\n\t\t\t\t<div class=\"elementor-element elementor-element-2a5ad39e e-flex e-con-boxed e-con e-parent\" data-id=\"2a5ad39e\" data-element_type=\"container\" data-e-type=\"container\">\n\t\t\t\t\t<div class=\"e-con-inner\">\n\t\t\t\t<div class=\"elementor-element elementor-element-60d4af86 elementor-widget elementor-widget-text-editor\" data-id=\"60d4af86\" data-element_type=\"widget\" data-e-type=\"widget\" data-widget_type=\"text-editor.default\">\n\t\t\t\t<div class=\"elementor-widget-container\">\n\t\t\t\t\t\t\t\t\t\n<h2 class=\"wp-block-heading\">Ich habe lieber der AKB (Amsterdam Klezmer Band)&#8230;. haben mehr zu sagen als dieser trockene text hier.<\/h2>\n\n\n\n<p><strong>Algemene voorwaarden<\/strong><\/p>\n\n\n\n<p>Op basis van deze Algemene Voorwaarden (AV) wordt een contract gesloten tussen de klant en\u00a0<br>Niels Vaillant F\u00f6rsterei 1, 17237, Brustorf Tel. 015158797385, mail@nelisdrums.de<\/p>\n\n\n\n<p>hierna de aanbieder genoemd, is het contract gesloten.<\/p>\n\n\n\n<p><strong>Onderwerp van het contract<\/strong><br>Dit contract regelt de verkoop van nieuwe goederen op het gebied van kunst, handwerk en instrumenten. Raadpleeg de productbeschrijving op de aanbiedingspagina voor meer informatie over het betreffende aanbod. Eventuele decoratieve items op de tentoongestelde afbeeldingen en foto's maken geen deel uit van het contract, tenzij dit uitdrukkelijk wordt vermeld in de beschrijving.<\/p>\n\n\n\n<p><strong>Sluiting van het contract<\/strong><\/p>\n\n\n\n<p>Het contract wordt individueel afgesloten. De gepresenteerde offertes zijn een niet-bindende uitnodiging om een offerte in te dienen via de bestelling van de klant, die de aanbieder vervolgens kan accepteren. Het bestelproces voor het afsluiten van het contract bestaat uit de volgende stappen:<\/p>\n\n\n\n<p>1 Schriftelijke kennisgeving van de interesse van de klant om te kopen onder de voorwaarden vermeld in de aanbieding via e-mail of per boodschapper.<\/p>\n\n\n\n<p>Het contract wordt gesloten wanneer de orderbevestiging wordt verzonden.<\/p>\n\n\n\n<p><strong>Contractduur<\/strong><br>Het contract wordt gesloten voor onbepaalde tijd.<br>De geleverde goederen blijven eigendom van de leverancier tot volledige betaling is ontvangen.<\/p>\n\n\n\n<p><strong>Prijzen, verzendkosten, retourkosten<\/strong><br>Alle Preise sind Endpreise und enthalten gem. \u00a7 19 Abs. 1 UStG keine Umsatzsteuer. Die Versandkosten werden L\u00e4nderspezifisch erhoben und sind auf der Rechnung extra ausgewiesen. Es besteht ein Widerrufsrecht und wird von diesem Gebrauch gemacht, tr\u00e4gt der Kunde die Kosten der R\u00fccksendung. F\u00fcr Deutschland betragen die Versandkosten 7,49 \u20ac, f\u00fcr alle EU-L\u00e4nder 17,99 \u20ac, f\u00fcr die Schweiz 29,99 \u20ac (Stand 06\/2021).<\/p>\n\n\n\n<p><strong>Betalingsvoorwaarden<\/strong><br>De klant heeft alleen de volgende opties voor betaling: bankoverschrijving, contant bij afhalen, Paypal. Andere betalingsmethoden worden niet aangeboden en geweigerd. Het factuurbedrag moet vooraf worden overgemaakt op de rekening die op de factuur staat, die alle gegevens voor de bankoverschrijving bevat en per e-mail wordt verzonden. Het factuurbedrag kan ook contant worden betaald op het adres van de aanbieder tijdens normale kantooruren na aftrek van de verzendkosten. De klant is verplicht om het vermelde bedrag binnen zeven dagen na ontvangst van de factuur te betalen of over te maken op de rekening die op de factuur staat vermeld. Betaling is verschuldigd zonder aftrek van de factuurdatum. Indien het factuurbedrag niet binnen 7 dagen op de rekening is bijgeschreven, vervalt de overeenkomst en worden de goederen opnieuw te koop aangeboden. Elk retentierecht van de klant dat niet gebaseerd is op dezelfde contractuele relatie is uitgesloten.<\/p>\n\n\n\n<p><strong>Leveringsvoorwaarden<\/strong><br>De goederen worden onmiddellijk na ontvangst van het factuurbedrag verzonden. Gemiddeld vindt verzending uiterlijk \u00e9\u00e9n dag na ontvangst van het factuurbedrag plaats. De standaard levertijd is 4 dagen, tenzij anders vermeld in de artikelomschrijving. De aanbieder verzendt de bestelling vanuit zijn eigen magazijn. Als de aanbieder een blijvende belemmering voor de levering heeft, in het bijzonder overmacht of niet-levering door eigen leveranciers, hoewel een overeenkomstige dekkende transactie tijdig werd uitgevoerd, heeft de aanbieder het recht om zich in dit opzicht terug te trekken uit een contract met de klant. De klant wordt hiervan onmiddellijk op de hoogte gesteld en ontvangen diensten, in het bijzonder betalingen, worden terugbetaald.<br>ContractontwerpDe klant heeft geen mogelijkheid om direct toegang te krijgen tot de opgeslagen contracttekst. De klant kan invoerfouten corrigeren tijdens het bestelproces. Hij kan dit op de volgende manier doen: schriftelijke kennisgeving via e-mail.<\/p>\n\n\n\n<p><strong>Recht op annulering<br>Annuleringsvoorwaarden<\/strong><\/p>\n\n\n\n<p>Recht op annulering<\/p>\n\n\n\n<p>Je hebt het recht om dit contract binnen veertien dagen zonder opgaaf van reden te annuleren.<br>Dieses Recht besteht nur f\u00fcr Bestellungen innerhalb der EU. Au\u00dferhalb der EU ist es dem Anbieter vorbehalten den Vertrag zu widerrufen.<\/p>\n\n\n\n<p>De annuleringstermijn is veertien dagen vanaf de datum,\u00a0<br>* In geval van een koopovereenkomst: waarbij u of een door u genoemde derde, die niet de vervoerder is, de laatste goederen in ontvangst heeft genomen * In geval van een overeenkomst betreffende meerdere goederen die de koper als onderdeel van \u00e9\u00e9n bestelling heeft besteld en die afzonderlijk worden geleverd: waarbij u of een door u genoemde derde, die niet de vervoerder is, de laatste goederen in ontvangst heeft genomen.In geval van een overeenkomst tot levering van zaken in gedeelten of onderdelen: waarop u of een door u genoemde derde, die niet de vervoerder is, de laatste deellevering of het laatste onderdeel in ontvangst heeft genomen.* In geval van een overeenkomst tot regelmatige levering van zaken over een bepaalde periode: waarop u of een door u genoemde derde, die niet de vervoerder is, de eerste zaken in ontvangst heeft genomen.* Als meerdere alternatieven samenvallen, is het laatste tijdstip bepalend.<br>Um Ihr Widerrufsrecht auszu\u00fcben, m\u00fcssen Sie Niels Vaillant F\u00f6rsterei 1, 17237, Brustorf Tel. 015158797385, mail@nelisdrums.de mittels einer eindeutigen Erkl\u00e4rung (z.B. ein mit der Post versandter Brief, Telefax, oder E-Mail) \u00fcber Ihren Entschluss, diesen Vertrag zu widerrufen, informieren.\u00a0<br>Om aan de annuleringstermijn te voldoen, is het voldoende dat u uw kennisgeving van de uitoefening van uw annuleringsrecht verstuurt voordat de annuleringstermijn afloopt.<\/p>\n\n\n\n<p><strong>Gevolgen van annulering<\/strong><br>Als u dit contract herroept, betalen wij u alle van u ontvangen betalingen terug, inclusief de leveringskosten (met uitzondering van de extra kosten die voortvloeien uit uw keuze voor een andere leveringswijze dan de door ons aangeboden goedkoopste standaardlevering), zonder onnodige vertraging en in ieder geval niet later dan 14 dagen vanaf de dag waarop wij op de hoogte zijn gesteld van uw beslissing om dit contract te herroepen. Voor deze terugbetaling gebruiken we hetzelfde betaalmiddel dat u voor de oorspronkelijke transactie hebt gebruikt, tenzij uitdrukkelijk anders met u is overeengekomen; in geen geval worden u kosten in rekening gebracht voor deze terugbetaling. We kunnen de terugbetaling achterhouden totdat we de goederen hebben teruggekregen of totdat u het bewijs hebt geleverd dat u de goederen hebt teruggezonden, afhankelijk van wat het eerst gebeurt.<\/p>\n\n\n\n<p>Sie haben die Waren unverz\u00fcglich und in jedem Fall sp\u00e4testens binnen vierzehn Tagen ab dem Tag, an dem Sie uns \u00fcber den Widerruf dieses Vertrags unterrichten, an Niels Vaillant F\u00f6rsterei 1, 17237, Brustorf Tel. 015158797385, mail@nelisdrums.de zur\u00fcckzusenden oder zu \u00fcbergeben. Die Frist ist gewahrt, wenn Sie die Waren vor Ablauf der Frist von vierzehn Tagen absenden.<\/p>\n\n\n\n<p>Jij draagt de directe kosten voor het terugsturen van de goederen.<\/p>\n\n\n\n<p>Je hoeft alleen te betalen voor waardeverlies van de goederen als dit waardeverlies te wijten is aan een behandeling van de goederen die niet nodig is om de staat, eigenschappen en functionaliteit ervan te controleren.<\/p>\n\n\n\n<p>Einde van de annuleringsvoorwaarden<\/p>\n\n\n\n<p><strong>Verbod op overdracht en verpanding<\/strong><br>Vorderingen of rechten van de klant op de dienstverlener mogen niet worden overgedragen of verpand zonder toestemming van de dienstverlener, tenzij de klant een gerechtvaardigd belang bij de overdracht of verpanding heeft aangetoond.<\/p>\n\n\n\n<p><strong>Taal, bevoegde rechtbank en toepasselijk recht<\/strong><br>Het contract wordt opgesteld in het Duits. De verdere uitvoering van de contractuele relatie gebeurt in het Duits. Uitsluitend het recht van de Bondsrepubliek Duitsland is van toepassing. Voor consumenten geldt dit alleen voor zover geen wettelijke bepalingen van het land waarin de klant zijn woonplaats of gebruikelijke verblijfplaats heeft, beperkt zijn. De bevoegde rechtbank is D\u00fcsseldorf.<\/p>\n\n\n\n<p><\/p>\n\t\t\t\t\t\t\t\t<\/div>\n\t\t\t\t<\/div>\n\t\t\t\t\t<\/div>\n\t\t\t\t<\/div>\n\t\t\t\t<\/div>","protected":false},"excerpt":{"rendered":"<p>Ich habe lieber der AKB (Amsterdam Klezmer Band)&#8230;. haben mehr zu sagen als dieser trockene text hier. Allgemeine Gesch\u00e4ftsbedingungen Auf Grundlage dieser Allgemeinen Gesch\u00e4ftsbedingungen (AGB) kommt zwischen dem Kunden und\u00a0Niels Vaillant F\u00f6rsterei 1, 17237, Brustorf Tel. 015158797385, mail@nelisdrums.de nachfolgend Anbieter genannt, der Vertrag zustande. VertragsgegenstandDurch diesen Vertrag wird der Verkauf von neuen Waren aus dem [&hellip;]<\/p>\n","protected":false},"author":1,"featured_media":0,"parent":0,"menu_order":0,"comment_status":"closed","ping_status":"closed","template":"","meta":{"footnotes":""},"class_list":["post-1246","page","type-page","status-publish","hentry"],"_links":{"self":[{"href":"https:\/\/www.nelisdrums.de\/nl\/wp-json\/wp\/v2\/pages\/1246","targetHints":{"allow":["GET"]}}],"collection":[{"href":"https:\/\/www.nelisdrums.de\/nl\/wp-json\/wp\/v2\/pages"}],"about":[{"href":"https:\/\/www.nelisdrums.de\/nl\/wp-json\/wp\/v2\/types\/page"}],"author":[{"embeddable":true,"href":"https:\/\/www.nelisdrums.de\/nl\/wp-json\/wp\/v2\/users\/1"}],"replies":[{"embeddable":true,"href":"https:\/\/www.nelisdrums.de\/nl\/wp-json\/wp\/v2\/comments?post=1246"}],"version-history":[{"count":3,"href":"https:\/\/www.nelisdrums.de\/nl\/wp-json\/wp\/v2\/pages\/1246\/revisions"}],"predecessor-version":[{"id":1249,"href":"https:\/\/www.nelisdrums.de\/nl\/wp-json\/wp\/v2\/pages\/1246\/revisions\/1249"}],"wp:attachment":[{"href":"https:\/\/www.nelisdrums.de\/nl\/wp-json\/wp\/v2\/media?parent=1246"}],"curies":[{"name":"wp","href":"https:\/\/api.w.org\/{rel}","templated":true}]}}