{"id":7341,"date":"2026-03-30T15:32:02","date_gmt":"2026-03-30T14:32:02","guid":{"rendered":"https:\/\/www.nelisdrums.de\/?post_type=product&#038;p=7341"},"modified":"2026-03-30T15:32:03","modified_gmt":"2026-03-30T14:32:03","slug":"kazoo","status":"publish","type":"product","link":"https:\/\/www.nelisdrums.de\/nl\/kazoo\/","title":{"rendered":"Kazoo Esche"},"content":{"rendered":"<p data-start=\"90\" data-end=\"114\"><strong data-start=\"90\" data-end=\"114\">Kazoo aus Eschenholz<\/strong><\/p>\n<p data-start=\"116\" data-end=\"202\">\n<p data-start=\"204\" data-end=\"550\">Diese Kazoos sind aus \u00fcbrig gebliebenen St\u00fccken von Eschenholz gefertigt, von einem Baum, der im Wald hinter unserem Haus <strong data-start=\"326\" data-end=\"344\">umgest\u00fcrzt ist<\/strong>.<br data-start=\"345\" data-end=\"348\" \/>Der Rest besteht aus recyceltem tropischem Hartholz. Das kann ein alter Fensterrahmen, eine T\u00fcr oder ein Boot sein. Es kann Meranti, Mahagoni, Bankirai oder etwas anderes sein \u2013 aber niemals neues Holz.<\/p>\n<p data-start=\"552\" data-end=\"699\" data-is-last-node=\"\" data-is-only-node=\"\">Die Membran besteht aus einem St\u00fcck Zigarettenpapier. Wenn sie rei\u00dft, schneide einfach eine neue Membran aus Zigarettenpapier oder Pergamentpapier.<\/p>","protected":false},"excerpt":{"rendered":"<p>Kazoo aus Eschenholz Diese Kazoos sind aus \u00fcbrig gebliebenen St\u00fccken von Eschenholz gefertigt, von einem Baum, der im Wald hinter unserem Haus umgest\u00fcrzt ist.Der Rest besteht aus recyceltem tropischem Hartholz. Das kann ein alter Fensterrahmen, eine T\u00fcr oder ein Boot sein. Es kann Meranti, Mahagoni, Bankirai oder etwas anderes sein \u2013 aber niemals neues Holz. [&hellip;]<\/p>\n","protected":false},"featured_media":6823,"comment_status":"open","ping_status":"closed","template":"","meta":[],"product_brand":[],"product_cat":[17],"product_tag":[],"class_list":{"0":"post-7341","1":"product","2":"type-product","3":"status-publish","4":"has-post-thumbnail","6":"product_cat-kompakte_instrumenten","7":"product_shipping_class-kleingoed","9":"first","10":"instock","11":"shipping-taxable","12":"purchasable","13":"product-type-simple"},"_links":{"self":[{"href":"https:\/\/www.nelisdrums.de\/nl\/wp-json\/wp\/v2\/product\/7341","targetHints":{"allow":["GET"]}}],"collection":[{"href":"https:\/\/www.nelisdrums.de\/nl\/wp-json\/wp\/v2\/product"}],"about":[{"href":"https:\/\/www.nelisdrums.de\/nl\/wp-json\/wp\/v2\/types\/product"}],"replies":[{"embeddable":true,"href":"https:\/\/www.nelisdrums.de\/nl\/wp-json\/wp\/v2\/comments?post=7341"}],"version-history":[{"count":1,"href":"https:\/\/www.nelisdrums.de\/nl\/wp-json\/wp\/v2\/product\/7341\/revisions"}],"predecessor-version":[{"id":7343,"href":"https:\/\/www.nelisdrums.de\/nl\/wp-json\/wp\/v2\/product\/7341\/revisions\/7343"}],"wp:featuredmedia":[{"embeddable":true,"href":"https:\/\/www.nelisdrums.de\/nl\/wp-json\/wp\/v2\/media\/6823"}],"wp:attachment":[{"href":"https:\/\/www.nelisdrums.de\/nl\/wp-json\/wp\/v2\/media?parent=7341"}],"wp:term":[{"taxonomy":"product_brand","embeddable":true,"href":"https:\/\/www.nelisdrums.de\/nl\/wp-json\/wp\/v2\/product_brand?post=7341"},{"taxonomy":"product_cat","embeddable":true,"href":"https:\/\/www.nelisdrums.de\/nl\/wp-json\/wp\/v2\/product_cat?post=7341"},{"taxonomy":"product_tag","embeddable":true,"href":"https:\/\/www.nelisdrums.de\/nl\/wp-json\/wp\/v2\/product_tag?post=7341"}],"curies":[{"name":"wp","href":"https:\/\/api.w.org\/{rel}","templated":true}]}}